{"id":53,"date":"2021-03-25T10:03:01","date_gmt":"2021-03-25T09:03:01","guid":{"rendered":"https:\/\/www.muengstener.de\/wp\/?page_id=53"},"modified":"2021-04-01T15:24:27","modified_gmt":"2021-04-01T13:24:27","slug":"impressum","status":"publish","type":"page","link":"https:\/\/www.muengstener.de\/?page_id=53","title":{"rendered":"Impressum"},"content":{"rendered":"\n<h3>Rechtliche Hinweise<\/h3>\n\n\n\n<p>Die Inhalte unserer Internetseite werden mit gr\u00f6\u00dfter Sorgfalt recherchiert. Dennoch kann der Anbieter keine Haftung f\u00fcr die Richtigkeit, Vollst\u00e4ndigkeit und Aktualit\u00e4t der bereit gestellten Informationen \u00fcbernehmen. Die Informationen sind insbesondere auch allgemeiner Art und stellen keine Rechtsberatung im Einzelfall dar. Zur L\u00f6sung von konkreten Rechtsf\u00e4llen konsultieren Sie bitte unbedingt vorher einen Rechtsanwalt. Die Benutzung erfolgt ausschlie\u00dflich auf eigenes Risiko.<\/p>\n\n\n\n<p><strong>Anschrift:<\/strong><\/p>\n\n\n\n<p>Michael Peschel<br>Hindemithstr.4<br>42857 Remscheid<\/p>\n\n\n\n<p>Markus Bode<br>Barlachweg 4<br>42857 Remscheid<\/p>\n","protected":false},"excerpt":{"rendered":"<p>Rechtliche Hinweise Die Inhalte unserer Internetseite werden mit gr\u00f6\u00dfter Sorgfalt recherchiert. Dennoch kann der Anbieter keine Haftung f\u00fcr die Richtigkeit, Vollst\u00e4ndigkeit und Aktualit\u00e4t der bereit gestellten Informationen \u00fcbernehmen. Die Informationen sind insbesondere auch allgemeiner Art und stellen keine Rechtsberatung im Einzelfall dar. Zur L\u00f6sung von konkreten Rechtsf\u00e4llen konsultieren Sie bitte unbedingt vorher einen Rechtsanwalt. Die &hellip; <a href=\"https:\/\/www.muengstener.de\/?page_id=53\" class=\"more-link\"><span class=\"screen-reader-text\">Impressum<\/span> weiterlesen<\/a><\/p>\n","protected":false},"author":1,"featured_media":0,"parent":0,"menu_order":3,"comment_status":"closed","ping_status":"closed","template":"","meta":[],"_links":{"self":[{"href":"https:\/\/www.muengstener.de\/index.php?rest_route=\/wp\/v2\/pages\/53"}],"collection":[{"href":"https:\/\/www.muengstener.de\/index.php?rest_route=\/wp\/v2\/pages"}],"about":[{"href":"https:\/\/www.muengstener.de\/index.php?rest_route=\/wp\/v2\/types\/page"}],"author":[{"embeddable":true,"href":"https:\/\/www.muengstener.de\/index.php?rest_route=\/wp\/v2\/users\/1"}],"replies":[{"embeddable":true,"href":"https:\/\/www.muengstener.de\/index.php?rest_route=%2Fwp%2Fv2%2Fcomments&post=53"}],"version-history":[{"count":2,"href":"https:\/\/www.muengstener.de\/index.php?rest_route=\/wp\/v2\/pages\/53\/revisions"}],"predecessor-version":[{"id":96,"href":"https:\/\/www.muengstener.de\/index.php?rest_route=\/wp\/v2\/pages\/53\/revisions\/96"}],"wp:attachment":[{"href":"https:\/\/www.muengstener.de\/index.php?rest_route=%2Fwp%2Fv2%2Fmedia&parent=53"}],"curies":[{"name":"wp","href":"https:\/\/api.w.org\/{rel}","templated":true}]}}