{"id":2,"date":"2021-03-24T13:51:58","date_gmt":"2021-03-24T12:51:58","guid":{"rendered":"https:\/\/www.muengstener.de\/wp\/?page_id=2"},"modified":"2021-04-01T19:19:18","modified_gmt":"2021-04-01T17:19:18","slug":"skywalk","status":"publish","type":"page","link":"https:\/\/www.muengstener.de\/","title":{"rendered":"Skywalk M\u00fcngstener Br\u00fccke"},"content":{"rendered":"\r\n<p><strong>Liebe Nachbarn,<\/strong><\/p>\r\n\r\n\r\n\r\n<p>die M\u00fcngstener Br\u00fccke soll eine weitere Attraktion bekommen: geplant ist ein SKYWALK, &nbsp;der f\u00fcr Fu\u00dfg\u00e4nger und Radfahrer unterhalb der Eisenbahnschienen ge\u00f6ffnet sein soll.<\/p>\r\n\r\n\r\n\r\n<p>Der Verein Bergischer Br\u00fcckenschlag e.V. ist hier die treibende Kraft und will das Projekt auch politisch in Remscheid und Solingen voranbringen.<\/p>\r\n\r\n\r\n\r\n<p>Der SKYWALK, der sich nach einem sch\u00f6nen Wander- und Radweg anh\u00f6rt, der Remscheid und Solingen miteinander verbindet, w\u00fcrde jedoch noch viel mehr sein. Er w\u00e4re eine Attraktion mitten im Bergischen Land und Naturschutzgebiet! Eine Attraktion, die leider auch Massen an Touristen anlocken wird.<\/p>\r\n\r\n\r\n\r\n<p>Wir m\u00f6chten Euch (Sie) kurz dar\u00fcber informieren, welche Auswirkungen (Folgen) das f\u00fcr Reinshagen insbesondere K\u00fcppelstein und Solingen Schaberg h\u00e4tte.<\/p>\r\n\r\n\r\n\r\n<p>SKYWALK\u2019s (H\u00e4ngeseilbr\u00fccken) gibt es in Deutschland auch in anderen St\u00e4dten \/ Gemeinden.<\/p>\r\n\r\n\r\n\r\n<p>Eine davon ist die GEIERLAY H\u00e4ngeseilbr\u00fccke in M\u00f6rsdorf \/ Sosberg.<\/p>\r\n\r\n\r\n\r\n<p><a href=\"http:\/\/www.geierlay.de\">www.geierlay.de<\/a><\/p>\r\n\r\n\r\n\r\n<blockquote class=\"wp-block-quote is-style-default\" id=\"M\u00f6rsdorf-Sosberg\"><p>Die H\u00e4ngeseilbr\u00fccke wurde im Oktober 2015 fertiggestellt und ist f\u00fcr die \u00d6ffentlichkeit frei zug\u00e4nglich. Seitdem haben mehr als 1.300.000 Menschen die Br\u00fccke besucht. Pro Jahr werden etwas mehr als 300.000 Besucher erwarten. Die meisten Besucher kommen jedoch in den Sommermonaten Juni, Juli, August und September. An diesen Sommermonaten liegt die Besucherzahl zwischen 45.000 und 65.000 und nat\u00fcrlich schwerpunktm\u00e4\u00dfig am Wochenende (Samstag\/Sonntag).<\/p><\/blockquote>\r\n\r\n\r\n\r\n<blockquote class=\"wp-block-quote\"><p>Allein in der 650 Einwohner Gemeinde M\u00f6rsdorf wurden drei kostenpflichtige Parkpl\u00e4tze im Ort und ein kostenfreier Parkplatz am Ortsausgang mit einer Kapazit\u00e4t von \u00fcber 1000 Parkpl\u00e4tzen f\u00fcr die Besucher der H\u00e4ngeseilbr\u00fccke eingerichtet. Im gesamten Ort d\u00fcrfen nur Anwohner an der Stra\u00dfe parken, da sonst die Besucher der H\u00e4ngeseilbr\u00fccke alle Parkpl\u00e4tze blockieren w\u00fcrden.<\/p><\/blockquote>\r\n\r\n\r\n\r\n<blockquote class=\"wp-block-quote is-style-default\"><p>Die Gemeinden Sosberg und Forst, die auch in Fu\u00dfn\u00e4he der H\u00e4ngeseilbr\u00fccke liegen, mussten auch Parkpl\u00e4tze (Toiletten\/M\u00fclltonen) installieren, da die Massen an Besucher ganz besonders am Wochenende die normalen Stra\u00dfen und Parkpl\u00e4tze blockiert haben. Des Weiteren mussten \u00f6ffentliche Toiletten und M\u00fclltonen angebracht werden, da 99% der Besucher mit dem Auto anreisen und bei Ankunft erst einmal Ihre Notdurft erledigen m\u00fcssen.<\/p><\/blockquote>\r\n\r\n\r\n\r\n<p>Der SKYWALK M\u00fcngstenerbr\u00fccke w\u00e4re aber um ein Vielfaches attraktiver und w\u00fcrde die Besucherzahlen schon alleine vom Standort im vergleich zur GEIERLAY H\u00e4ngeseilbr\u00fccke \u00fcbertreffen. Selbst wenn die Zahlen identisch bleiben w\u00fcrden, so w\u00fcrden in K\u00fcppelstein und in Schaberg in den Sommermonaten an den Wochenenden (Samstag\/Sonntag\/Feiertage) ca. 1.000 bis 2.000 Fahrzeuge am Tag einen Parkplatz suchen. Was das f\u00fcr uns Anwohner bedeutet, kann sich wohl jeder selbst ausmalen. Wir k\u00f6nnen uns nicht vorstellen, dass diese Massen an Menschen\/Autos am Reinshagen\/K\u00fcppelstein \u00fcberhaupt ohne Chaos ordentlich zu verwalten sind. Hinzu kommt, dass der Wald sowohl hier am K\u00fcppelstein als auch in Solingen Schaberg zum Naturschutzgebiet geh\u00f6rt.<\/p>\r\n\r\n\r\n\r\n<p>Der Verein Bergischer Br\u00fcckenschlag e.V. hat jedoch nur Interesse, das Projekt SKYWALK umzusetzen, ohne die Folgen f\u00fcr Natur und Anwohner zu ber\u00fccksichtigen. Aus diesem Grund m\u00fcssen wir aktiv werden und uns einbringen.<\/p>\r\n\r\n\r\n\r\n<p>Als Betreiber des SKYWALK kommt wohl nur die Stadt Remscheid und Solingen in Frage. Aus diesem Grund werden wir mit der Stadt Remscheid und Solingen, sowie mit dem Verein Bergischer Br\u00fcckenschlag e.V. das Gespr\u00e4ch suchen und unsere Bedenken \u00e4u\u00dfern.<\/p>\r\n\r\n\r\n\r\n<p>Wir haben viele Fragen und erwarten Antworten.<\/p>\r\n\r\n\r\n\r\n<p>Sehr gerne m\u00f6chten wir alle Anwohner informieren und auch wissen, was Sie von dem Projekt SKYWALK halten.<br><\/p>\r\n\r\n\r\n\r\n<pre class=\"wp-block-code\"><code><a href=\"https:\/\/www.muengstener.de\/?page_id=63\" data-type=\"page\">Schreiben Sie uns, registrieren Sie sich.<\/a><\/code><\/pre>\r\n\r\n\r\n\r\n<div class=\"wp-block-columns\">\r\n<div class=\"wp-block-column\">\r\n<p>Michael Peschel<\/p>\r\n<\/div>\r\n\r\n\r\n\r\n<div class=\"wp-block-column\">\r\n<p>Markus Bode<br><\/p>\r\n<\/div>\r\n<\/div>\r\n\r\n\r\n\r\n<p><\/p>\r\n\r\n\r\n\r\n<p><\/p>\r\n","protected":false},"excerpt":{"rendered":"<p>Liebe Nachbarn, die M\u00fcngstener Br\u00fccke soll eine weitere Attraktion bekommen: geplant ist ein SKYWALK, &nbsp;der f\u00fcr Fu\u00dfg\u00e4nger und Radfahrer unterhalb der Eisenbahnschienen ge\u00f6ffnet sein soll. Der Verein Bergischer Br\u00fcckenschlag e.V. ist hier die treibende Kraft und will das Projekt auch politisch in Remscheid und Solingen voranbringen. Der SKYWALK, der sich nach einem sch\u00f6nen Wander- und &hellip; <a href=\"https:\/\/www.muengstener.de\/\" class=\"more-link\"><span class=\"screen-reader-text\">Skywalk M\u00fcngstener Br\u00fccke<\/span> weiterlesen<\/a><\/p>\n","protected":false},"author":1,"featured_media":0,"parent":0,"menu_order":1,"comment_status":"closed","ping_status":"closed","template":"","meta":[],"_links":{"self":[{"href":"https:\/\/www.muengstener.de\/index.php?rest_route=\/wp\/v2\/pages\/2"}],"collection":[{"href":"https:\/\/www.muengstener.de\/index.php?rest_route=\/wp\/v2\/pages"}],"about":[{"href":"https:\/\/www.muengstener.de\/index.php?rest_route=\/wp\/v2\/types\/page"}],"author":[{"embeddable":true,"href":"https:\/\/www.muengstener.de\/index.php?rest_route=\/wp\/v2\/users\/1"}],"replies":[{"embeddable":true,"href":"https:\/\/www.muengstener.de\/index.php?rest_route=%2Fwp%2Fv2%2Fcomments&post=2"}],"version-history":[{"count":16,"href":"https:\/\/www.muengstener.de\/index.php?rest_route=\/wp\/v2\/pages\/2\/revisions"}],"predecessor-version":[{"id":102,"href":"https:\/\/www.muengstener.de\/index.php?rest_route=\/wp\/v2\/pages\/2\/revisions\/102"}],"wp:attachment":[{"href":"https:\/\/www.muengstener.de\/index.php?rest_route=%2Fwp%2Fv2%2Fmedia&parent=2"}],"curies":[{"name":"wp","href":"https:\/\/api.w.org\/{rel}","templated":true}]}}